{"id":24637,"date":"2026-04-24T06:17:55","date_gmt":"2026-04-24T09:17:55","guid":{"rendered":"https:\/\/minasdabahia.com.br\/?post_type=product&#038;p=24637"},"modified":"2026-04-24T06:17:55","modified_gmt":"2026-04-24T09:17:55","slug":"anel-de-agua-marinha-cabochao-prata925","status":"publish","type":"product","link":"https:\/\/minasdabahia.com.br\/en\/produto\/anel-de-agua-marinha-cabochao-prata925\/","title":{"rendered":"Anel de \u00e1gua-marinha caboch\u00e3o. Prata925"},"content":{"rendered":"<p>Anel de \u00e1gua-marinha caboch\u00e3o 10,88ct Prata925<\/p>\n","protected":false},"excerpt":{"rendered":"<p>Anel de \u00e1gua-marinha caboch\u00e3o em prata925. Espetacular caboch\u00e3o de 10,88ct.<\/p>\n","protected":false},"featured_media":24638,"template":"","meta":[],"product_brand":[903],"product_cat":[16],"product_tag":[],"class_list":{"0":"post-24637","1":"product","2":"type-product","3":"status-publish","4":"has-post-thumbnail","6":"product_brand-minas-da-bahia","7":"product_cat-aneis","9":"first","10":"instock","11":"taxable","12":"shipping-taxable","13":"purchasable","14":"product-type-simple"},"_links":{"self":[{"href":"https:\/\/minasdabahia.com.br\/en\/wp-json\/wp\/v2\/product\/24637","targetHints":{"allow":["GET"]}}],"collection":[{"href":"https:\/\/minasdabahia.com.br\/en\/wp-json\/wp\/v2\/product"}],"about":[{"href":"https:\/\/minasdabahia.com.br\/en\/wp-json\/wp\/v2\/types\/product"}],"version-history":[{"count":0,"href":"https:\/\/minasdabahia.com.br\/en\/wp-json\/wp\/v2\/product\/24637\/revisions"}],"wp:featuredmedia":[{"embeddable":true,"href":"https:\/\/minasdabahia.com.br\/en\/wp-json\/wp\/v2\/media\/24638"}],"wp:attachment":[{"href":"https:\/\/minasdabahia.com.br\/en\/wp-json\/wp\/v2\/media?parent=24637"}],"wp:term":[{"taxonomy":"product_brand","embeddable":true,"href":"https:\/\/minasdabahia.com.br\/en\/wp-json\/wp\/v2\/product_brand?post=24637"},{"taxonomy":"product_cat","embeddable":true,"href":"https:\/\/minasdabahia.com.br\/en\/wp-json\/wp\/v2\/product_cat?post=24637"},{"taxonomy":"product_tag","embeddable":true,"href":"https:\/\/minasdabahia.com.br\/en\/wp-json\/wp\/v2\/product_tag?post=24637"}],"curies":[{"name":"wp","href":"https:\/\/api.w.org\/{rel}","templated":true}]}}